{"id":12,"date":"2024-10-01T21:38:45","date_gmt":"2024-10-01T21:38:45","guid":{"rendered":"https:\/\/cloclogistic.com\/?page_id=12"},"modified":"2024-10-27T02:34:54","modified_gmt":"2024-10-27T02:34:54","slug":"inicio","status":"publish","type":"page","link":"https:\/\/cloclogistic.com\/","title":{"rendered":"Inicio"},"content":{"rendered":"\n<div class=\"wp-block-cover alignfull is-light\" style=\"min-height:720px;aspect-ratio:unset;\"><span aria-hidden=\"true\" class=\"wp-block-cover__background has-background-dim-100 has-background-dim has-background-gradient\" style=\"background:linear-gradient(35deg,rgb(6,0,151) 0%,rgb(130,4,255) 73%,rgb(193,15,255) 100%)\"><\/span><div class=\"wp-block-cover__inner-container is-layout-flow wp-block-cover-is-layout-flow\">\n<div class=\"wp-block-group alignwide is-layout-constrained wp-block-group-is-layout-constrained\">\n<div class=\"wp-block-media-text alignwide has-media-on-the-right is-stacked-on-mobile is-vertically-aligned-center\" style=\"grid-template-columns:auto 43%\"><div class=\"wp-block-media-text__content\">\n<h1 class=\"wp-block-heading has-text-align-left has-white-color has-text-color\">Llevando la logistica a otro nivel!<\/h1>\n\n\n\n<p>Operador log\u00edstico especializado en \u00faltima milla<\/p>\n\n\n\n<div class=\"wp-block-buttons is-layout-flex wp-block-buttons-is-layout-flex\">\n<div class=\"wp-block-button\"><a class=\"wp-block-button__link wp-element-button\" href=\"#\">Mensajer\u00eda Especializada<\/a><\/div>\n<\/div>\n<\/div><figure class=\"wp-block-media-text__media\"><img decoding=\"async\" src=\"https:\/\/cloclogistic.com\/wp-content\/themes\/astra\/inc\/assets\/images\/starter-content\/hero-img.svg\" alt=\"\" class=\"wp-image-118 size-full\"\/><\/figure><\/div>\n<\/div>\n<\/div><\/div>\n\n\n\n<div class=\"wp-block-group alignfull has-ast-global-color-5-background-color has-background is-layout-constrained wp-container-core-group-is-layout-9ff7351d wp-block-group-is-layout-constrained\" style=\"padding-bottom:0px\">\n<div class=\"wp-block-columns are-vertically-aligned-top is-layout-flex wp-container-core-columns-is-layout-88c107d0 wp-block-columns-is-layout-flex\">\n<div class=\"wp-block-column is-vertically-aligned-top is-layout-flow wp-block-column-is-layout-flow\">\n<figure class=\"wp-block-image size-large\"><img decoding=\"async\" src=\"https:\/\/cloclogistic.com\/wp-content\/themes\/astra\/inc\/assets\/images\/starter-content\/building.svg\" alt=\"\" class=\"wp-image-134\"\/><\/figure>\n\n\n\n<h3 class=\"wp-block-heading has-text-align-left\" style=\"margin-top:16px\">Ubicaci\u00f3n<\/h3>\n\n\n\n<p class=\"has-text-align-left\"><\/p>\n<\/div>\n\n\n\n<div class=\"wp-block-column is-vertically-aligned-top is-layout-flow wp-block-column-is-layout-flow\">\n<figure class=\"wp-block-image size-large\"><img decoding=\"async\" src=\"https:\/\/cloclogistic.com\/wp-content\/themes\/astra\/inc\/assets\/images\/starter-content\/blog.svg\" alt=\"\" class=\"wp-image-136\"\/><\/figure>\n\n\n\n<h3 class=\"wp-block-heading has-text-align-left\" style=\"margin-top:16px\">Horario<\/h3>\n\n\n\n<p class=\"has-text-align-left\"><strong>Lunes a Viernes:<\/strong>&nbsp;9:00 a 18:00hrs<br><strong>S\u00e1bado:<\/strong>&nbsp;9:00 a 14:00 hrs<\/p>\n<\/div>\n\n\n\n<div class=\"wp-block-column is-vertically-aligned-top is-layout-flow wp-block-column-is-layout-flow\">\n<figure class=\"wp-block-image size-large\"><img decoding=\"async\" src=\"https:\/\/cloclogistic.com\/wp-content\/themes\/astra\/inc\/assets\/images\/starter-content\/portfolio.svg\" alt=\"\" class=\"wp-image-137\"\/><\/figure>\n\n\n\n<h3 class=\"wp-block-heading has-text-align-left\" style=\"margin-top:16px\">Llamanos<\/h3>\n\n\n\n<p class=\"has-text-align-left\"><\/p>\n\n\n\n<p><\/p>\n\n\n\n<p><\/p>\n\n\n\n<p class=\"has-text-align-left\"><\/p>\n<\/div>\n<\/div>\n<\/div>\n\n\n\n<div class=\"wp-block-group alignfull is-layout-constrained wp-container-core-group-is-layout-87b4ec50 wp-block-group-is-layout-constrained\" id=\"services\" style=\"padding-top:144px;padding-bottom:0px\">\n<h2 class=\"wp-block-heading\">Nuestros Servicios<\/h2>\n\n\n\n<div class=\"wp-block-columns is-layout-flex wp-container-core-columns-is-layout-f2dca054 wp-block-columns-is-layout-flex\" style=\"margin-top:50px\">\n<div class=\"wp-block-column is-layout-flow wp-block-column-is-layout-flow\">\n<figure class=\"wp-block-gallery has-nested-images columns-default is-cropped wp-block-gallery-1 is-layout-flex wp-block-gallery-is-layout-flex\">\n<figure class=\"wp-block-image size-full\"><img loading=\"lazy\" decoding=\"async\" width=\"512\" height=\"512\" data-id=\"70\" src=\"https:\/\/cloclogistic.com\/wp-content\/uploads\/2024\/10\/11413308_supply-chain_management_box_package_logistic_icon.png\" alt=\"\" class=\"wp-image-70\" srcset=\"https:\/\/cloclogistic.com\/wp-content\/uploads\/2024\/10\/11413308_supply-chain_management_box_package_logistic_icon.png 512w, https:\/\/cloclogistic.com\/wp-content\/uploads\/2024\/10\/11413308_supply-chain_management_box_package_logistic_icon-300x300.png 300w, https:\/\/cloclogistic.com\/wp-content\/uploads\/2024\/10\/11413308_supply-chain_management_box_package_logistic_icon-150x150.png 150w\" sizes=\"auto, (max-width: 512px) 100vw, 512px\" \/><\/figure>\n<\/figure>\n\n\n\n<h3 class=\"wp-block-heading has-text-align-center\" style=\"margin-top:16px\">Espress Aereo<\/h3>\n\n\n\n<p><\/p>\n<\/div>\n\n\n\n<div class=\"wp-block-column is-layout-flow wp-block-column-is-layout-flow\">\n<figure class=\"wp-block-image size-full is-resized\"><img loading=\"lazy\" decoding=\"async\" width=\"512\" height=\"512\" src=\"https:\/\/cloclogistic.com\/wp-content\/uploads\/2024\/10\/10365053_logistic_delivery-service_packing-list_payment_invoice_icon.png\" alt=\"\" class=\"wp-image-69\" style=\"width:382px;height:auto\" srcset=\"https:\/\/cloclogistic.com\/wp-content\/uploads\/2024\/10\/10365053_logistic_delivery-service_packing-list_payment_invoice_icon.png 512w, https:\/\/cloclogistic.com\/wp-content\/uploads\/2024\/10\/10365053_logistic_delivery-service_packing-list_payment_invoice_icon-300x300.png 300w, https:\/\/cloclogistic.com\/wp-content\/uploads\/2024\/10\/10365053_logistic_delivery-service_packing-list_payment_invoice_icon-150x150.png 150w\" sizes=\"auto, (max-width: 512px) 100vw, 512px\" \/><\/figure>\n\n\n\n<h3 class=\"wp-block-heading has-text-align-center\" style=\"margin-top:16px\">Carga Consolidada<\/h3>\n\n\n\n<p><\/p>\n<\/div>\n\n\n\n<div class=\"wp-block-column is-layout-flow wp-block-column-is-layout-flow\">\n<figure class=\"wp-block-image size-full is-resized\"><img loading=\"lazy\" decoding=\"async\" width=\"512\" height=\"512\" src=\"https:\/\/cloclogistic.com\/wp-content\/uploads\/2024\/10\/9866949_delivery_truck_shipping_transport_icon.png\" alt=\"\" class=\"wp-image-68\" style=\"width:385px;height:auto\" srcset=\"https:\/\/cloclogistic.com\/wp-content\/uploads\/2024\/10\/9866949_delivery_truck_shipping_transport_icon.png 512w, https:\/\/cloclogistic.com\/wp-content\/uploads\/2024\/10\/9866949_delivery_truck_shipping_transport_icon-300x300.png 300w, https:\/\/cloclogistic.com\/wp-content\/uploads\/2024\/10\/9866949_delivery_truck_shipping_transport_icon-150x150.png 150w\" sizes=\"auto, (max-width: 512px) 100vw, 512px\" \/><\/figure>\n\n\n\n<h3 class=\"wp-block-heading has-text-align-center\" style=\"margin-top:16px\">Paqueter\u00eda Tipo Retail<\/h3>\n\n\n\n<p><\/p>\n<\/div>\n<\/div>\n\n\n\n<div class=\"wp-block-columns is-layout-flex wp-container-core-columns-is-layout-9d6595d7 wp-block-columns-is-layout-flex\">\n<div class=\"wp-block-column is-layout-flow wp-block-column-is-layout-flow\">\n<figure class=\"wp-block-image size-full is-resized\"><img loading=\"lazy\" decoding=\"async\" width=\"512\" height=\"512\" src=\"https:\/\/cloclogistic.com\/wp-content\/uploads\/2024\/10\/12116041_courier_delivery_package_logistics_shipping_icon.png\" alt=\"\" class=\"wp-image-65\" style=\"object-fit:cover;width:386px;height:auto\" srcset=\"https:\/\/cloclogistic.com\/wp-content\/uploads\/2024\/10\/12116041_courier_delivery_package_logistics_shipping_icon.png 512w, https:\/\/cloclogistic.com\/wp-content\/uploads\/2024\/10\/12116041_courier_delivery_package_logistics_shipping_icon-300x300.png 300w, https:\/\/cloclogistic.com\/wp-content\/uploads\/2024\/10\/12116041_courier_delivery_package_logistics_shipping_icon-150x150.png 150w\" sizes=\"auto, (max-width: 512px) 100vw, 512px\" \/><\/figure>\n\n\n\n<h3 class=\"wp-block-heading has-text-align-center\">Mensajer\u00eda y Paqueter\u00eda Especializada<\/h3>\n<\/div>\n\n\n\n<div class=\"wp-block-column is-layout-flow wp-block-column-is-layout-flow\">\n<figure class=\"wp-block-image size-full is-resized\"><img loading=\"lazy\" decoding=\"async\" width=\"512\" height=\"512\" src=\"https:\/\/cloclogistic.com\/wp-content\/uploads\/2024\/10\/10540415_illustration_industry_warehouse_factory_business_icon.png\" alt=\"\" class=\"wp-image-66\" style=\"width:385px;height:auto\" srcset=\"https:\/\/cloclogistic.com\/wp-content\/uploads\/2024\/10\/10540415_illustration_industry_warehouse_factory_business_icon.png 512w, https:\/\/cloclogistic.com\/wp-content\/uploads\/2024\/10\/10540415_illustration_industry_warehouse_factory_business_icon-300x300.png 300w, https:\/\/cloclogistic.com\/wp-content\/uploads\/2024\/10\/10540415_illustration_industry_warehouse_factory_business_icon-150x150.png 150w\" sizes=\"auto, (max-width: 512px) 100vw, 512px\" \/><\/figure>\n\n\n\n<h3 class=\"wp-block-heading has-text-align-center\">Centro de Distribuci\u00f3n<\/h3>\n<\/div>\n\n\n\n<div class=\"wp-block-column is-layout-flow wp-block-column-is-layout-flow\">\n<figure class=\"wp-block-image size-full is-resized\"><img loading=\"lazy\" decoding=\"async\" width=\"512\" height=\"512\" src=\"https:\/\/cloclogistic.com\/wp-content\/uploads\/2024\/10\/11146076_industrial_workers_laying_objects_icon.png\" alt=\"\" class=\"wp-image-67\" style=\"width:381px;height:auto\" srcset=\"https:\/\/cloclogistic.com\/wp-content\/uploads\/2024\/10\/11146076_industrial_workers_laying_objects_icon.png 512w, https:\/\/cloclogistic.com\/wp-content\/uploads\/2024\/10\/11146076_industrial_workers_laying_objects_icon-300x300.png 300w, https:\/\/cloclogistic.com\/wp-content\/uploads\/2024\/10\/11146076_industrial_workers_laying_objects_icon-150x150.png 150w\" sizes=\"auto, (max-width: 512px) 100vw, 512px\" \/><\/figure>\n\n\n\n<h3 class=\"wp-block-heading has-text-align-center\">Maquila de Productos<\/h3>\n<\/div>\n<\/div>\n\n\n\n<div class=\"wp-block-uagb-container uagb-block-a2e47f5a alignfull uagb-is-root-container\"><div class=\"uagb-container-inner-blocks-wrap\"><\/div><\/div>\n<\/div>\n\n\n\n<div class=\"wp-block-group alignfull has-ast-global-color-5-background-color has-background is-layout-constrained wp-container-core-group-is-layout-fe2c33bb wp-block-group-is-layout-constrained\" id=\"about\" style=\"padding-top:143px;padding-bottom:144px\">\n<div class=\"wp-block-media-text has-media-on-the-right is-stacked-on-mobile is-vertically-aligned-center\"><div class=\"wp-block-media-text__content\">\n<div class=\"wp-block-group is-layout-constrained wp-container-core-group-is-layout-4b302186 wp-block-group-is-layout-constrained\" style=\"padding-right:80px\">\n<h2 class=\"wp-block-heading\" style=\"padding-right:40px\">Nos ocupamos del transporte y log\u00edstica para los productos de su&nbsp;negocio<\/h2>\n\n\n\n<p><strong>CLOC LOGISTIC<\/strong>, cuenta con la certificaci\u00f3n expedida por&nbsp;<em>Dun Bradtreet<\/em>&nbsp;quienes nos valoraron financieramente, de igual forma contamos con la certificaci\u00f3n de todos nuestros operadores por parte de la empresa recurso confiable quienes hacen una investigaci\u00f3n para determinar la confiabilidad de nuestro personal.<\/p>\n\n\n\n<p><\/p>\n<\/div>\n<\/div><figure class=\"wp-block-media-text__media\"><img decoding=\"async\" src=\"https:\/\/cloclogistic.com\/wp-content\/themes\/astra\/inc\/assets\/images\/starter-content\/about-us.jpg\" alt=\"\" class=\"wp-image-237 size-full\"\/><\/figure><\/div>\n<\/div>\n\n\n\n<div class=\"wp-block-group alignfull has-ast-global-color-4-background-color has-background is-layout-constrained wp-container-core-group-is-layout-be8a1dfc wp-block-group-is-layout-constrained\" id=\"reviews\">\n<div class=\"wp-block-uagb-advanced-heading uagb-block-b4a5eaf8\"><h2 class=\"uagb-heading-text\">Cobertura nacional de 31<\/h2><\/div>\n\n\n\n<figure class=\"wp-block-image aligncenter size-full is-resized\"><img loading=\"lazy\" decoding=\"async\" width=\"512\" height=\"512\" src=\"https:\/\/cloclogistic.com\/wp-content\/uploads\/2024\/10\/9169384_cloud_storage_data_weather_file_icon.png\" alt=\"\" class=\"wp-image-71\" style=\"object-fit:cover;width:320px;height:auto\" srcset=\"https:\/\/cloclogistic.com\/wp-content\/uploads\/2024\/10\/9169384_cloud_storage_data_weather_file_icon.png 512w, https:\/\/cloclogistic.com\/wp-content\/uploads\/2024\/10\/9169384_cloud_storage_data_weather_file_icon-300x300.png 300w, https:\/\/cloclogistic.com\/wp-content\/uploads\/2024\/10\/9169384_cloud_storage_data_weather_file_icon-150x150.png 150w\" sizes=\"auto, (max-width: 512px) 100vw, 512px\" \/><\/figure>\n\n\n\n<h3 class=\"wp-block-heading has-text-align-center\" style=\"font-size:22px\"><strong>Estados  +&nbsp;CDMX<\/strong><\/h3>\n\n\n\n<p class=\"has-text-align-center\">Atenci\u00f3n personalizada en toda la Rep\u00fablica Mexicana.<\/p>\n\n\n\n<p class=\"has-text-align-center\"><\/p>\n<\/div>\n\n\n\n<div class=\"wp-block-group alignfull is-layout-constrained wp-container-core-group-is-layout-360cd3be wp-block-group-is-layout-constrained\" id=\"whyus\" style=\"padding-top:144px;padding-bottom:144px\">\n<h2 class=\"wp-block-heading\">Porque Nosotros<\/h2>\n\n\n\n<div class=\"wp-block-columns is-layout-flex wp-container-core-columns-is-layout-327a385a wp-block-columns-is-layout-flex\" style=\"margin-top:60px\">\n<div class=\"wp-block-column is-layout-flow wp-block-column-is-layout-flow\">\n<figure class=\"wp-block-image size-large\"><img decoding=\"async\" src=\"https:\/\/cloclogistic.com\/wp-content\/themes\/astra\/inc\/assets\/images\/starter-content\/passionate.svg\" alt=\"\" class=\"wp-image-162\"\/><\/figure>\n\n\n\n<h3 class=\"wp-block-heading\" style=\"margin-top:16px\">Infraestructura<\/h3>\n\n\n\n<p>Contamos con una flotilla diversa de unidades para abastecer las necesidades de nuestros clientes al nivel nacional, con bases principales en&nbsp;<strong>CDMX, Estado de M\u00e9xico, Monterrey, Puebla, Veracruz, M\u00e9rida, Hidalgo.<\/strong><\/p>\n<\/div>\n\n\n\n<div class=\"wp-block-column is-layout-flow wp-block-column-is-layout-flow\">\n<figure class=\"wp-block-image size-large\"><img decoding=\"async\" src=\"https:\/\/cloclogistic.com\/wp-content\/themes\/astra\/inc\/assets\/images\/starter-content\/professional.svg\" alt=\"\" class=\"wp-image-163\"\/><\/figure>\n\n\n\n<h3 class=\"wp-block-heading\" style=\"margin-top:16px\">Seguimiento GPS<\/h3>\n\n\n\n<p>Nuestras unidades cuentan con un&nbsp;<strong>sistema de rastreo GPS<\/strong>, esta herramienta no es \u00fatil para la seguridad de nuestras unidades as\u00ed como el&nbsp;<strong>monitoreo en tiempo real.<\/strong><\/p>\n<\/div>\n\n\n\n<div class=\"wp-block-column is-layout-flow wp-block-column-is-layout-flow\">\n<figure class=\"wp-block-image size-large\"><img decoding=\"async\" src=\"https:\/\/cloclogistic.com\/wp-content\/themes\/astra\/inc\/assets\/images\/starter-content\/support.svg\" alt=\"\" class=\"wp-image-164\"\/><\/figure>\n\n\n\n<h3 class=\"wp-block-heading\" style=\"margin-top:16px\">Instalaciones<\/h3>\n\n\n\n<p><strong>CLOC LOGISTIC<\/strong>, cuenta con&nbsp;<strong>bodega triple A<\/strong>, oficinas administrativas de primer nivel y personal altamente calificado y dedicado a cada uno de nuestros clientes.<\/p>\n<\/div>\n<\/div>\n<\/div>\n\n\n\n<div class=\"wp-block-group alignfull has-background is-layout-constrained wp-container-core-group-is-layout-7a1c33fc wp-block-group-is-layout-constrained\" id=\"contact\" style=\"background:linear-gradient(35deg,rgb(6,0,151) 0%,rgb(130,4,255) 64%,rgb(193,15,255) 98%);padding-top:104px;padding-bottom:104px\">\n<h2 class=\"wp-block-heading has-text-align-center has-text-color\" style=\"color:#ffffff\">Ofrecemos asistencia completa en<br>todos nuestros&nbsp;servicios<\/h2>\n\n\n\n<p class=\"has-text-align-center\">!<\/p>\n\n\n\n<div class=\"wp-block-buttons alignwide is-horizontal is-content-justification-center is-layout-flex wp-container-core-buttons-is-layout-91318718 wp-block-buttons-is-layout-flex\" style=\"margin-top:50px\">\n<div class=\"wp-block-button\"><a class=\"wp-block-button__link wp-element-button\">Mensajer\u00eda Especializada<\/a><\/div>\n<\/div>\n<\/div>\n\n\n\n<p><\/p>\n","protected":false},"excerpt":{"rendered":"<p>Ubicaci\u00f3n Horario Lunes a Viernes:&nbsp;9:00 a 18:00hrsS\u00e1bado:&nbsp;9:00 a 14:00 hrs Llamanos Nuestros Servicios Espress Aereo Carga Consolidada Paqueter\u00eda Tipo Retail Mensajer\u00eda y Paqueter\u00eda Especializada Centro de Distribuci\u00f3n Maquila de Productos Nos ocupamos del transporte y log\u00edstica para los productos de &hellip;<\/p>\n<p class=\"read-more\"> <a class=\"more-link\" href=\"https:\/\/cloclogistic.com\/\"> <span class=\"screen-reader-text\">Inicio<\/span> Leer m\u00e1s \u00bb<\/a><\/p>\n","protected":false},"author":1,"featured_media":0,"parent":0,"menu_order":0,"comment_status":"closed","ping_status":"closed","template":"","meta":{"_uag_custom_page_level_css":"","footnotes":""},"class_list":["post-12","page","type-page","status-publish","hentry"],"uagb_featured_image_src":{"full":false,"thumbnail":false,"medium":false,"medium_large":false,"large":false,"1536x1536":false,"2048x2048":false,"responsive-100":false,"responsive-150":false,"responsive-200":false,"responsive-300":false,"responsive-450":false,"responsive-600":false,"responsive-900":false},"uagb_author_info":{"display_name":"admin","author_link":"https:\/\/cloclogistic.com\/index.php\/author\/imedinac_3hryi2qt\/"},"uagb_comment_info":0,"uagb_excerpt":"Ubicaci\u00f3n Horario Lunes a Viernes:&nbsp;9:00 a 18:00hrsS\u00e1bado:&nbsp;9:00 a 14:00 hrs Llamanos Nuestros Servicios Espress Aereo Carga Consolidada Paqueter\u00eda Tipo Retail Mensajer\u00eda y Paqueter\u00eda Especializada Centro de Distribuci\u00f3n Maquila de Productos Nos ocupamos del transporte y log\u00edstica para los productos de &hellip; Inicio Leer m\u00e1s \u00bb","_links":{"self":[{"href":"https:\/\/cloclogistic.com\/index.php\/wp-json\/wp\/v2\/pages\/12","targetHints":{"allow":["GET"]}}],"collection":[{"href":"https:\/\/cloclogistic.com\/index.php\/wp-json\/wp\/v2\/pages"}],"about":[{"href":"https:\/\/cloclogistic.com\/index.php\/wp-json\/wp\/v2\/types\/page"}],"author":[{"embeddable":true,"href":"https:\/\/cloclogistic.com\/index.php\/wp-json\/wp\/v2\/users\/1"}],"replies":[{"embeddable":true,"href":"https:\/\/cloclogistic.com\/index.php\/wp-json\/wp\/v2\/comments?post=12"}],"version-history":[{"count":11,"href":"https:\/\/cloclogistic.com\/index.php\/wp-json\/wp\/v2\/pages\/12\/revisions"}],"predecessor-version":[{"id":87,"href":"https:\/\/cloclogistic.com\/index.php\/wp-json\/wp\/v2\/pages\/12\/revisions\/87"}],"wp:attachment":[{"href":"https:\/\/cloclogistic.com\/index.php\/wp-json\/wp\/v2\/media?parent=12"}],"curies":[{"name":"wp","href":"https:\/\/api.w.org\/{rel}","templated":true}]}}